{"id":990,"date":"2022-12-17T13:56:19","date_gmt":"2022-12-17T13:56:19","guid":{"rendered":"https:\/\/smogenbryggarn.se\/?post_type=product&#038;p=990"},"modified":"2025-07-29T12:39:51","modified_gmt":"2025-07-29T12:39:51","slug":"hoodie-fiskargubbe","status":"publish","type":"product","link":"https:\/\/smogenbryggarn.se\/de\/produkt\/hoodie-fiskargubbe\/","title":{"rendered":"Hoodie &#8220;Fiskargubbe&#8221;"},"content":{"rendered":"<p>Klassisk luvtr\u00f6ja i ekologisk bomull. Marinbl\u00e5 med cremevitt tryck p\u00e5 br\u00f6st och h\u00f6ger \u00e4rmslut. (n\u00e5got sm\u00e5 i storlekarna)<\/p>","protected":false},"excerpt":{"rendered":"<p>Klassisk luvtr\u00f6ja i ekologisk bomull. Marinbl\u00e5 med cremevitt tryck p\u00e5 br\u00f6st och h\u00f6ger \u00e4rmslut. (n\u00e5got sm\u00e5 i storlekarna)<\/p>","protected":false},"featured_media":996,"comment_status":"closed","ping_status":"closed","template":"","meta":{"_acf_changed":false},"product_brand":[],"product_cat":[33],"product_tag":[],"class_list":{"0":"post-990","1":"product","2":"type-product","3":"status-publish","4":"has-post-thumbnail","6":"product_cat-clothing","7":"product_shipping_class-standard","9":"first","10":"outofstock","11":"taxable","12":"shipping-taxable","13":"purchasable","14":"product-type-variable"},"acf":[],"_links":{"self":[{"href":"https:\/\/smogenbryggarn.se\/de\/wp-json\/wp\/v2\/product\/990","targetHints":{"allow":["GET"]}}],"collection":[{"href":"https:\/\/smogenbryggarn.se\/de\/wp-json\/wp\/v2\/product"}],"about":[{"href":"https:\/\/smogenbryggarn.se\/de\/wp-json\/wp\/v2\/types\/product"}],"replies":[{"embeddable":true,"href":"https:\/\/smogenbryggarn.se\/de\/wp-json\/wp\/v2\/comments?post=990"}],"version-history":[{"count":1,"href":"https:\/\/smogenbryggarn.se\/de\/wp-json\/wp\/v2\/product\/990\/revisions"}],"predecessor-version":[{"id":2729,"href":"https:\/\/smogenbryggarn.se\/de\/wp-json\/wp\/v2\/product\/990\/revisions\/2729"}],"wp:featuredmedia":[{"embeddable":true,"href":"https:\/\/smogenbryggarn.se\/de\/wp-json\/wp\/v2\/media\/996"}],"wp:attachment":[{"href":"https:\/\/smogenbryggarn.se\/de\/wp-json\/wp\/v2\/media?parent=990"}],"wp:term":[{"taxonomy":"product_brand","embeddable":true,"href":"https:\/\/smogenbryggarn.se\/de\/wp-json\/wp\/v2\/product_brand?post=990"},{"taxonomy":"product_cat","embeddable":true,"href":"https:\/\/smogenbryggarn.se\/de\/wp-json\/wp\/v2\/product_cat?post=990"},{"taxonomy":"product_tag","embeddable":true,"href":"https:\/\/smogenbryggarn.se\/de\/wp-json\/wp\/v2\/product_tag?post=990"}],"curies":[{"name":"wp","href":"https:\/\/api.w.org\/{rel}","templated":true}]}}