{"id":966,"date":"2022-11-25T13:18:48","date_gmt":"2022-11-25T13:18:48","guid":{"rendered":"https:\/\/smogenbryggarn.se\/?post_type=product&#038;p=966"},"modified":"2025-07-29T12:41:05","modified_gmt":"2025-07-29T12:41:05","slug":"lill-julle-35","status":"publish","type":"product","link":"https:\/\/smogenbryggarn.se\/de\/produkt\/lill-julle-35\/","title":{"rendered":"Lill-Julle 3,5%"},"content":{"rendered":"<p>3,5% Folk\u00f6lsvarianten av v\u00e5r Amber Ale, Julle. Bryggd med Pors, Bl\u00e5s- och Fingert\u00e5ng. Humle: Mosaic, Pacific Gem, Amarillo och Nelson Sauvin. 330ml. Pris inkl. pant.<\/p>","protected":false},"excerpt":{"rendered":"<p>3,5% Folk\u00f6lsvarianten av v\u00e5r Amber Ale, Julle. Bryggd med Pors, Bl\u00e5s- och Fingert\u00e5ng. Humle: Mosaic, Pacific Gem, Amarillo och Nelson Sauvin. 330ml. Pris inkl. pant.<\/p>","protected":false},"featured_media":756,"comment_status":"closed","ping_status":"closed","template":"","meta":{"_acf_changed":false},"product_brand":[],"product_cat":[30],"product_tag":[],"class_list":{"0":"post-966","1":"product","2":"type-product","3":"status-publish","4":"has-post-thumbnail","6":"product_cat-beer","7":"product_shipping_class-standard","9":"first","10":"outofstock","11":"taxable","12":"shipping-taxable","13":"purchasable","14":"product-type-simple"},"acf":[],"_links":{"self":[{"href":"https:\/\/smogenbryggarn.se\/de\/wp-json\/wp\/v2\/product\/966","targetHints":{"allow":["GET"]}}],"collection":[{"href":"https:\/\/smogenbryggarn.se\/de\/wp-json\/wp\/v2\/product"}],"about":[{"href":"https:\/\/smogenbryggarn.se\/de\/wp-json\/wp\/v2\/types\/product"}],"replies":[{"embeddable":true,"href":"https:\/\/smogenbryggarn.se\/de\/wp-json\/wp\/v2\/comments?post=966"}],"version-history":[{"count":1,"href":"https:\/\/smogenbryggarn.se\/de\/wp-json\/wp\/v2\/product\/966\/revisions"}],"predecessor-version":[{"id":2732,"href":"https:\/\/smogenbryggarn.se\/de\/wp-json\/wp\/v2\/product\/966\/revisions\/2732"}],"wp:featuredmedia":[{"embeddable":true,"href":"https:\/\/smogenbryggarn.se\/de\/wp-json\/wp\/v2\/media\/756"}],"wp:attachment":[{"href":"https:\/\/smogenbryggarn.se\/de\/wp-json\/wp\/v2\/media?parent=966"}],"wp:term":[{"taxonomy":"product_brand","embeddable":true,"href":"https:\/\/smogenbryggarn.se\/de\/wp-json\/wp\/v2\/product_brand?post=966"},{"taxonomy":"product_cat","embeddable":true,"href":"https:\/\/smogenbryggarn.se\/de\/wp-json\/wp\/v2\/product_cat?post=966"},{"taxonomy":"product_tag","embeddable":true,"href":"https:\/\/smogenbryggarn.se\/de\/wp-json\/wp\/v2\/product_tag?post=966"}],"curies":[{"name":"wp","href":"https:\/\/api.w.org\/{rel}","templated":true}]}}