{"id":949,"date":"2022-11-25T11:02:24","date_gmt":"2022-11-25T11:02:24","guid":{"rendered":"https:\/\/smogenbryggarn.se\/?post_type=product&#038;p=949"},"modified":"2022-12-20T11:32:33","modified_gmt":"2022-12-20T11:32:33","slug":"lill-snipa-35","status":"publish","type":"product","link":"https:\/\/smogenbryggarn.se\/de\/produkt\/lill-snipa-35\/","title":{"rendered":"Lill-SnIPA 3,5%"},"content":{"rendered":"<p>3,5% Folk\u00f6lsvarianten av v\u00e5r klassiska INDIA PALE ALE (IPA), SnIPA. Bryggd med Fingert\u00e5ng. Humle: Mosaic, Pacific Gem, Citra och Amarillo. 330ml. Priset \u00e4r inkl. pant.<\/p>","protected":false},"excerpt":{"rendered":"<p>3,5% Folk\u00f6lsvarianten av v\u00e5r klassiska INDIA PALE ALE (IPA), SnIPA. Bryggd med Fingert\u00e5ng. Humle: Mosaic, Pacific Gem, Citra och Amarillo. 330ml. Priset \u00e4r inkl. pant.<\/p>","protected":false},"featured_media":757,"comment_status":"open","ping_status":"closed","template":"","meta":{"_acf_changed":false},"product_brand":[],"product_cat":[30],"product_tag":[],"class_list":{"0":"post-949","1":"product","2":"type-product","3":"status-publish","4":"has-post-thumbnail","6":"product_cat-beer","7":"product_shipping_class-standard","9":"first","10":"instock","11":"taxable","12":"shipping-taxable","13":"purchasable","14":"product-type-simple"},"acf":[],"_links":{"self":[{"href":"https:\/\/smogenbryggarn.se\/de\/wp-json\/wp\/v2\/product\/949","targetHints":{"allow":["GET"]}}],"collection":[{"href":"https:\/\/smogenbryggarn.se\/de\/wp-json\/wp\/v2\/product"}],"about":[{"href":"https:\/\/smogenbryggarn.se\/de\/wp-json\/wp\/v2\/types\/product"}],"replies":[{"embeddable":true,"href":"https:\/\/smogenbryggarn.se\/de\/wp-json\/wp\/v2\/comments?post=949"}],"version-history":[{"count":0,"href":"https:\/\/smogenbryggarn.se\/de\/wp-json\/wp\/v2\/product\/949\/revisions"}],"wp:featuredmedia":[{"embeddable":true,"href":"https:\/\/smogenbryggarn.se\/de\/wp-json\/wp\/v2\/media\/757"}],"wp:attachment":[{"href":"https:\/\/smogenbryggarn.se\/de\/wp-json\/wp\/v2\/media?parent=949"}],"wp:term":[{"taxonomy":"product_brand","embeddable":true,"href":"https:\/\/smogenbryggarn.se\/de\/wp-json\/wp\/v2\/product_brand?post=949"},{"taxonomy":"product_cat","embeddable":true,"href":"https:\/\/smogenbryggarn.se\/de\/wp-json\/wp\/v2\/product_cat?post=949"},{"taxonomy":"product_tag","embeddable":true,"href":"https:\/\/smogenbryggarn.se\/de\/wp-json\/wp\/v2\/product_tag?post=949"}],"curies":[{"name":"wp","href":"https:\/\/api.w.org\/{rel}","templated":true}]}}