{"id":905,"date":"2022-11-24T14:27:09","date_gmt":"2022-11-24T14:27:09","guid":{"rendered":"https:\/\/smogenbryggarn.se\/?post_type=product&#038;p=905"},"modified":"2025-07-29T12:40:31","modified_gmt":"2025-07-29T12:40:31","slug":"keps-med-logo-black-black","status":"publish","type":"product","link":"https:\/\/smogenbryggarn.se\/de\/produkt\/keps-med-logo-black-black\/","title":{"rendered":"Keps med logo (black\/black)"},"content":{"rendered":"<p>Keps med Sm\u00f6genbryggr&#8217;n-logo i svart tryck p\u00e5 svart. Klassisk stuk. St\u00e4llbar.<\/p>","protected":false},"excerpt":{"rendered":"<p>Keps med Sm\u00f6genbryggr&#8217;n-logo i svart tryck p\u00e5 svart. Klassisk stuk. St\u00e4llbar.<\/p>","protected":false},"featured_media":901,"comment_status":"closed","ping_status":"closed","template":"","meta":{"_acf_changed":false},"product_brand":[],"product_cat":[23],"product_tag":[],"class_list":{"0":"post-905","1":"product","2":"type-product","3":"status-publish","4":"has-post-thumbnail","6":"product_cat-hats","7":"product_shipping_class-standard","9":"first","10":"outofstock","11":"taxable","12":"shipping-taxable","13":"purchasable","14":"product-type-simple"},"acf":[],"_links":{"self":[{"href":"https:\/\/smogenbryggarn.se\/de\/wp-json\/wp\/v2\/product\/905","targetHints":{"allow":["GET"]}}],"collection":[{"href":"https:\/\/smogenbryggarn.se\/de\/wp-json\/wp\/v2\/product"}],"about":[{"href":"https:\/\/smogenbryggarn.se\/de\/wp-json\/wp\/v2\/types\/product"}],"replies":[{"embeddable":true,"href":"https:\/\/smogenbryggarn.se\/de\/wp-json\/wp\/v2\/comments?post=905"}],"version-history":[{"count":1,"href":"https:\/\/smogenbryggarn.se\/de\/wp-json\/wp\/v2\/product\/905\/revisions"}],"predecessor-version":[{"id":2731,"href":"https:\/\/smogenbryggarn.se\/de\/wp-json\/wp\/v2\/product\/905\/revisions\/2731"}],"wp:featuredmedia":[{"embeddable":true,"href":"https:\/\/smogenbryggarn.se\/de\/wp-json\/wp\/v2\/media\/901"}],"wp:attachment":[{"href":"https:\/\/smogenbryggarn.se\/de\/wp-json\/wp\/v2\/media?parent=905"}],"wp:term":[{"taxonomy":"product_brand","embeddable":true,"href":"https:\/\/smogenbryggarn.se\/de\/wp-json\/wp\/v2\/product_brand?post=905"},{"taxonomy":"product_cat","embeddable":true,"href":"https:\/\/smogenbryggarn.se\/de\/wp-json\/wp\/v2\/product_cat?post=905"},{"taxonomy":"product_tag","embeddable":true,"href":"https:\/\/smogenbryggarn.se\/de\/wp-json\/wp\/v2\/product_tag?post=905"}],"curies":[{"name":"wp","href":"https:\/\/api.w.org\/{rel}","templated":true}]}}