{"id":882,"date":"2022-11-24T13:49:13","date_gmt":"2022-11-24T13:49:13","guid":{"rendered":"https:\/\/smogenbryggarn.se\/?post_type=product&#038;p=882"},"modified":"2024-07-18T08:34:26","modified_gmt":"2024-07-18T08:34:26","slug":"olglas-47-cl-blastang","status":"publish","type":"product","link":"https:\/\/smogenbryggarn.se\/de\/produkt\/olglas-47-cl-blastang\/","title":{"rendered":"\u00d6lglas 47 cl &#8220;Bl\u00e5st\u00e5ng&#8221;"},"content":{"rendered":"<p>\u00d6lglas i maxitumbler-stil, kronm\u00e4rkt <strong>40cl<\/strong>. Print med logotyp samt en ruska bl\u00e5st\u00e5ng. Levereras i <strong>6-pack<\/strong>. (89x120mm) Tillverkare <strong>VD GLASS<\/strong><\/p>","protected":false},"excerpt":{"rendered":"<p>\u00d6lglas i maxitumbler-stil, kronm\u00e4rkt 40cl. Print med logotyp samt en ruska bl\u00e5st\u00e5ng. Levereras i 6-pack. (89x120mm) Tillverkare VD GLASS<\/p>","protected":false},"featured_media":883,"comment_status":"closed","ping_status":"closed","template":"","meta":{"_acf_changed":false},"product_brand":[],"product_cat":[25],"product_tag":[],"class_list":{"0":"post-882","1":"product","2":"type-product","3":"status-publish","4":"has-post-thumbnail","6":"product_cat-glassware","7":"product_shipping_class-standard","9":"first","10":"outofstock","11":"taxable","12":"shipping-taxable","13":"purchasable","14":"product-type-simple"},"acf":[],"_links":{"self":[{"href":"https:\/\/smogenbryggarn.se\/de\/wp-json\/wp\/v2\/product\/882","targetHints":{"allow":["GET"]}}],"collection":[{"href":"https:\/\/smogenbryggarn.se\/de\/wp-json\/wp\/v2\/product"}],"about":[{"href":"https:\/\/smogenbryggarn.se\/de\/wp-json\/wp\/v2\/types\/product"}],"replies":[{"embeddable":true,"href":"https:\/\/smogenbryggarn.se\/de\/wp-json\/wp\/v2\/comments?post=882"}],"version-history":[{"count":0,"href":"https:\/\/smogenbryggarn.se\/de\/wp-json\/wp\/v2\/product\/882\/revisions"}],"wp:featuredmedia":[{"embeddable":true,"href":"https:\/\/smogenbryggarn.se\/de\/wp-json\/wp\/v2\/media\/883"}],"wp:attachment":[{"href":"https:\/\/smogenbryggarn.se\/de\/wp-json\/wp\/v2\/media?parent=882"}],"wp:term":[{"taxonomy":"product_brand","embeddable":true,"href":"https:\/\/smogenbryggarn.se\/de\/wp-json\/wp\/v2\/product_brand?post=882"},{"taxonomy":"product_cat","embeddable":true,"href":"https:\/\/smogenbryggarn.se\/de\/wp-json\/wp\/v2\/product_cat?post=882"},{"taxonomy":"product_tag","embeddable":true,"href":"https:\/\/smogenbryggarn.se\/de\/wp-json\/wp\/v2\/product_tag?post=882"}],"curies":[{"name":"wp","href":"https:\/\/api.w.org\/{rel}","templated":true}]}}