{"id":879,"date":"2022-11-24T13:36:44","date_gmt":"2022-11-24T13:36:44","guid":{"rendered":"https:\/\/smogenbryggarn.se\/?post_type=product&#038;p=879"},"modified":"2022-12-20T11:32:34","modified_gmt":"2022-12-20T11:32:34","slug":"handduk-logo","status":"publish","type":"product","link":"https:\/\/smogenbryggarn.se\/de\/produkt\/handduk-logo\/","title":{"rendered":"Handduk &#8220;logo&#8221;"},"content":{"rendered":"<p>Handduk i bomullsfrott\u00e9. M\u00f6rkbl\u00e5 med Sm\u00f6genbryggar&#8217;n-logga cremevit. (500x300mm)<\/p>","protected":false},"excerpt":{"rendered":"<p>Handduk i bomullsfrott\u00e9. M\u00f6rkbl\u00e5 med Sm\u00f6genbryggar&#8217;n-logga cremevit. (500x300mm)<\/p>","protected":false},"featured_media":880,"comment_status":"open","ping_status":"closed","template":"","meta":{"_acf_changed":false},"product_brand":[],"product_cat":[31],"product_tag":[],"class_list":{"0":"post-879","1":"product","2":"type-product","3":"status-publish","4":"has-post-thumbnail","6":"product_cat-other","7":"product_shipping_class-standard","9":"first","10":"instock","11":"taxable","12":"shipping-taxable","13":"purchasable","14":"product-type-simple"},"acf":[],"_links":{"self":[{"href":"https:\/\/smogenbryggarn.se\/de\/wp-json\/wp\/v2\/product\/879","targetHints":{"allow":["GET"]}}],"collection":[{"href":"https:\/\/smogenbryggarn.se\/de\/wp-json\/wp\/v2\/product"}],"about":[{"href":"https:\/\/smogenbryggarn.se\/de\/wp-json\/wp\/v2\/types\/product"}],"replies":[{"embeddable":true,"href":"https:\/\/smogenbryggarn.se\/de\/wp-json\/wp\/v2\/comments?post=879"}],"version-history":[{"count":0,"href":"https:\/\/smogenbryggarn.se\/de\/wp-json\/wp\/v2\/product\/879\/revisions"}],"wp:featuredmedia":[{"embeddable":true,"href":"https:\/\/smogenbryggarn.se\/de\/wp-json\/wp\/v2\/media\/880"}],"wp:attachment":[{"href":"https:\/\/smogenbryggarn.se\/de\/wp-json\/wp\/v2\/media?parent=879"}],"wp:term":[{"taxonomy":"product_brand","embeddable":true,"href":"https:\/\/smogenbryggarn.se\/de\/wp-json\/wp\/v2\/product_brand?post=879"},{"taxonomy":"product_cat","embeddable":true,"href":"https:\/\/smogenbryggarn.se\/de\/wp-json\/wp\/v2\/product_cat?post=879"},{"taxonomy":"product_tag","embeddable":true,"href":"https:\/\/smogenbryggarn.se\/de\/wp-json\/wp\/v2\/product_tag?post=879"}],"curies":[{"name":"wp","href":"https:\/\/api.w.org\/{rel}","templated":true}]}}