{"id":859,"date":"2022-11-24T12:31:13","date_gmt":"2022-11-24T12:31:13","guid":{"rendered":"https:\/\/smogenbryggarn.se\/?post_type=product&#038;p=859"},"modified":"2025-07-29T12:42:16","modified_gmt":"2025-07-29T12:42:16","slug":"tote","status":"publish","type":"product","link":"https:\/\/smogenbryggarn.se\/de\/produkt\/tote\/","title":{"rendered":"Tote"},"content":{"rendered":"<p>Tygv\u00e4ska i oblekt, ekologisk bomull. Print med v\u00e5r fiskargubbe med solglas\u00f6gon i tryckt i svart. (460x390mm) Svanen och Fairtrade m\u00e4rkt produkt.<\/p>","protected":false},"excerpt":{"rendered":"<p>Tygv\u00e4ska i oblekt, ekologisk bomull. Print med v\u00e5r fiskargubbe med solglas\u00f6gon i tryckt i svart. (460x390mm) Svanen och Fairtrade m\u00e4rkt produkt.<\/p>","protected":false},"featured_media":860,"comment_status":"closed","ping_status":"closed","template":"","meta":{"_acf_changed":false},"product_brand":[],"product_cat":[32],"product_tag":[],"class_list":{"0":"post-859","1":"product","2":"type-product","3":"status-publish","4":"has-post-thumbnail","6":"product_cat-vaskor","7":"product_shipping_class-standard","9":"first","10":"outofstock","11":"taxable","12":"shipping-taxable","13":"purchasable","14":"product-type-simple"},"acf":[],"_links":{"self":[{"href":"https:\/\/smogenbryggarn.se\/de\/wp-json\/wp\/v2\/product\/859","targetHints":{"allow":["GET"]}}],"collection":[{"href":"https:\/\/smogenbryggarn.se\/de\/wp-json\/wp\/v2\/product"}],"about":[{"href":"https:\/\/smogenbryggarn.se\/de\/wp-json\/wp\/v2\/types\/product"}],"replies":[{"embeddable":true,"href":"https:\/\/smogenbryggarn.se\/de\/wp-json\/wp\/v2\/comments?post=859"}],"version-history":[{"count":1,"href":"https:\/\/smogenbryggarn.se\/de\/wp-json\/wp\/v2\/product\/859\/revisions"}],"predecessor-version":[{"id":2735,"href":"https:\/\/smogenbryggarn.se\/de\/wp-json\/wp\/v2\/product\/859\/revisions\/2735"}],"wp:featuredmedia":[{"embeddable":true,"href":"https:\/\/smogenbryggarn.se\/de\/wp-json\/wp\/v2\/media\/860"}],"wp:attachment":[{"href":"https:\/\/smogenbryggarn.se\/de\/wp-json\/wp\/v2\/media?parent=859"}],"wp:term":[{"taxonomy":"product_brand","embeddable":true,"href":"https:\/\/smogenbryggarn.se\/de\/wp-json\/wp\/v2\/product_brand?post=859"},{"taxonomy":"product_cat","embeddable":true,"href":"https:\/\/smogenbryggarn.se\/de\/wp-json\/wp\/v2\/product_cat?post=859"},{"taxonomy":"product_tag","embeddable":true,"href":"https:\/\/smogenbryggarn.se\/de\/wp-json\/wp\/v2\/product_tag?post=859"}],"curies":[{"name":"wp","href":"https:\/\/api.w.org\/{rel}","templated":true}]}}