{"id":577,"date":"2021-03-02T10:08:05","date_gmt":"2021-03-02T10:08:05","guid":{"rendered":"http:\/\/smogenbryggarn.s4.kimsoft.se\/?post_type=product&#038;p=577"},"modified":"2022-12-20T11:33:43","modified_gmt":"2022-12-20T11:33:43","slug":"tygmarke","status":"publish","type":"product","link":"https:\/\/smogenbryggarn.se\/de\/produkt\/tygmarke\/","title":{"rendered":"Tygm\u00e4rke"},"content":{"rendered":"<p>Tygm\u00e4rke som du kan f\u00e4sta p\u00e5 valfritt plagg. Svart\/Vitt (70x55mm)<\/p>","protected":false},"excerpt":{"rendered":"<p>Tygm\u00e4rke som du kan f\u00e4sta p\u00e5 valfritt plagg.<\/p>","protected":false},"featured_media":847,"comment_status":"open","ping_status":"closed","template":"","meta":{"_acf_changed":false},"product_brand":[],"product_cat":[15],"product_tag":[],"class_list":{"0":"post-577","1":"product","2":"type-product","3":"status-publish","4":"has-post-thumbnail","6":"product_cat-prints","7":"product_shipping_class-envelope","9":"first","10":"instock","11":"taxable","12":"shipping-taxable","13":"purchasable","14":"product-type-simple"},"acf":[],"_links":{"self":[{"href":"https:\/\/smogenbryggarn.se\/de\/wp-json\/wp\/v2\/product\/577","targetHints":{"allow":["GET"]}}],"collection":[{"href":"https:\/\/smogenbryggarn.se\/de\/wp-json\/wp\/v2\/product"}],"about":[{"href":"https:\/\/smogenbryggarn.se\/de\/wp-json\/wp\/v2\/types\/product"}],"replies":[{"embeddable":true,"href":"https:\/\/smogenbryggarn.se\/de\/wp-json\/wp\/v2\/comments?post=577"}],"version-history":[{"count":0,"href":"https:\/\/smogenbryggarn.se\/de\/wp-json\/wp\/v2\/product\/577\/revisions"}],"wp:featuredmedia":[{"embeddable":true,"href":"https:\/\/smogenbryggarn.se\/de\/wp-json\/wp\/v2\/media\/847"}],"wp:attachment":[{"href":"https:\/\/smogenbryggarn.se\/de\/wp-json\/wp\/v2\/media?parent=577"}],"wp:term":[{"taxonomy":"product_brand","embeddable":true,"href":"https:\/\/smogenbryggarn.se\/de\/wp-json\/wp\/v2\/product_brand?post=577"},{"taxonomy":"product_cat","embeddable":true,"href":"https:\/\/smogenbryggarn.se\/de\/wp-json\/wp\/v2\/product_cat?post=577"},{"taxonomy":"product_tag","embeddable":true,"href":"https:\/\/smogenbryggarn.se\/de\/wp-json\/wp\/v2\/product_tag?post=577"}],"curies":[{"name":"wp","href":"https:\/\/api.w.org\/{rel}","templated":true}]}}