{"id":1041,"date":"2022-12-19T13:20:59","date_gmt":"2022-12-19T13:20:59","guid":{"rendered":"https:\/\/smogenbryggarn.se\/?post_type=product&#038;p=1041"},"modified":"2025-07-29T12:39:00","modified_gmt":"2025-07-29T12:39:00","slug":"hoodie-fiskargubbe-2","status":"publish","type":"product","link":"https:\/\/smogenbryggarn.se\/de\/produkt\/hoodie-fiskargubbe-2\/","title":{"rendered":"Hoodie &#8220;Fiskargubbe&#8221;"},"content":{"rendered":"<p>NYHET! Svart hoodie i ekologisk bomull med diskret svart tryck. Fiskargubben p\u00e5 br\u00f6stet och logga p\u00e5 h\u00f6ger \u00e4rmslut, b\u00e5da i svart. (n\u00e5got sm\u00e5 i storlekarna)<\/p>","protected":false},"excerpt":{"rendered":"<p>NYHET! Svart hoodie i ekologisk bomull med diskret svart tryck. Fiskargubben p\u00e5 br\u00f6stet och logga p\u00e5 h\u00f6ger \u00e4rmslut, b\u00e5da i svart. (n\u00e5got sm\u00e5 i storlekarna)<\/p>","protected":false},"featured_media":992,"comment_status":"closed","ping_status":"closed","template":"","meta":{"_acf_changed":false},"product_brand":[],"product_cat":[33],"product_tag":[],"class_list":{"0":"post-1041","1":"product","2":"type-product","3":"status-publish","4":"has-post-thumbnail","6":"product_cat-clothing","7":"product_shipping_class-standard","9":"first","10":"outofstock","11":"taxable","12":"shipping-taxable","13":"purchasable","14":"product-type-variable"},"acf":[],"_links":{"self":[{"href":"https:\/\/smogenbryggarn.se\/de\/wp-json\/wp\/v2\/product\/1041","targetHints":{"allow":["GET"]}}],"collection":[{"href":"https:\/\/smogenbryggarn.se\/de\/wp-json\/wp\/v2\/product"}],"about":[{"href":"https:\/\/smogenbryggarn.se\/de\/wp-json\/wp\/v2\/types\/product"}],"replies":[{"embeddable":true,"href":"https:\/\/smogenbryggarn.se\/de\/wp-json\/wp\/v2\/comments?post=1041"}],"version-history":[{"count":1,"href":"https:\/\/smogenbryggarn.se\/de\/wp-json\/wp\/v2\/product\/1041\/revisions"}],"predecessor-version":[{"id":2727,"href":"https:\/\/smogenbryggarn.se\/de\/wp-json\/wp\/v2\/product\/1041\/revisions\/2727"}],"wp:featuredmedia":[{"embeddable":true,"href":"https:\/\/smogenbryggarn.se\/de\/wp-json\/wp\/v2\/media\/992"}],"wp:attachment":[{"href":"https:\/\/smogenbryggarn.se\/de\/wp-json\/wp\/v2\/media?parent=1041"}],"wp:term":[{"taxonomy":"product_brand","embeddable":true,"href":"https:\/\/smogenbryggarn.se\/de\/wp-json\/wp\/v2\/product_brand?post=1041"},{"taxonomy":"product_cat","embeddable":true,"href":"https:\/\/smogenbryggarn.se\/de\/wp-json\/wp\/v2\/product_cat?post=1041"},{"taxonomy":"product_tag","embeddable":true,"href":"https:\/\/smogenbryggarn.se\/de\/wp-json\/wp\/v2\/product_tag?post=1041"}],"curies":[{"name":"wp","href":"https:\/\/api.w.org\/{rel}","templated":true}]}}