{"id":1021,"date":"2022-12-19T10:48:37","date_gmt":"2022-12-19T10:48:37","guid":{"rendered":"https:\/\/smogenbryggarn.se\/?post_type=product&#038;p=1021"},"modified":"2025-07-29T12:52:39","modified_gmt":"2025-07-29T12:52:39","slug":"t-shirt-gubbe-marinbla","status":"publish","type":"product","link":"https:\/\/smogenbryggarn.se\/de\/produkt\/t-shirt-gubbe-marinbla\/","title":{"rendered":"T-shirt &#8220;Fiskargubbe&#8221;"},"content":{"rendered":"<p>V\u00e5r klassiska T-shirt i ekologisk bomull. Marinbl\u00e5 med vitt tryck. Fiskargubbe i tryck p\u00e5 rygg och logga p\u00e5 br\u00f6st. (n\u00e5got sm\u00e5 i storlek)<\/p>","protected":false},"excerpt":{"rendered":"<p>V\u00e5r klassiska T-shirt i ekologisk bomull. Marinbl\u00e5 med vitt tryck. Fiskargubbe i tryck p\u00e5 rygg och logga p\u00e5 br\u00f6st. (n\u00e5got sm\u00e5 i storlek)<\/p>","protected":false},"featured_media":998,"comment_status":"closed","ping_status":"closed","template":"","meta":{"_acf_changed":false},"product_brand":[],"product_cat":[33],"product_tag":[],"class_list":{"0":"post-1021","1":"product","2":"type-product","3":"status-publish","4":"has-post-thumbnail","6":"product_cat-clothing","7":"product_shipping_class-standard","9":"first","10":"outofstock","11":"taxable","12":"shipping-taxable","13":"purchasable","14":"product-type-variable"},"acf":[],"_links":{"self":[{"href":"https:\/\/smogenbryggarn.se\/de\/wp-json\/wp\/v2\/product\/1021","targetHints":{"allow":["GET"]}}],"collection":[{"href":"https:\/\/smogenbryggarn.se\/de\/wp-json\/wp\/v2\/product"}],"about":[{"href":"https:\/\/smogenbryggarn.se\/de\/wp-json\/wp\/v2\/types\/product"}],"replies":[{"embeddable":true,"href":"https:\/\/smogenbryggarn.se\/de\/wp-json\/wp\/v2\/comments?post=1021"}],"version-history":[{"count":1,"href":"https:\/\/smogenbryggarn.se\/de\/wp-json\/wp\/v2\/product\/1021\/revisions"}],"predecessor-version":[{"id":2728,"href":"https:\/\/smogenbryggarn.se\/de\/wp-json\/wp\/v2\/product\/1021\/revisions\/2728"}],"wp:featuredmedia":[{"embeddable":true,"href":"https:\/\/smogenbryggarn.se\/de\/wp-json\/wp\/v2\/media\/998"}],"wp:attachment":[{"href":"https:\/\/smogenbryggarn.se\/de\/wp-json\/wp\/v2\/media?parent=1021"}],"wp:term":[{"taxonomy":"product_brand","embeddable":true,"href":"https:\/\/smogenbryggarn.se\/de\/wp-json\/wp\/v2\/product_brand?post=1021"},{"taxonomy":"product_cat","embeddable":true,"href":"https:\/\/smogenbryggarn.se\/de\/wp-json\/wp\/v2\/product_cat?post=1021"},{"taxonomy":"product_tag","embeddable":true,"href":"https:\/\/smogenbryggarn.se\/de\/wp-json\/wp\/v2\/product_tag?post=1021"}],"curies":[{"name":"wp","href":"https:\/\/api.w.org\/{rel}","templated":true}]}}