{"id":9,"date":"2021-01-13T14:08:14","date_gmt":"2021-01-13T14:08:14","guid":{"rendered":"http:\/\/smogenbryggarn.s4.kimsoft.se\/?page_id=9"},"modified":"2026-02-25T08:43:43","modified_gmt":"2026-02-25T08:43:43","slug":"varukorg","status":"publish","type":"page","link":"https:\/\/smogenbryggarn.se\/de\/varukorg\/","title":{"rendered":"Varukorg"},"content":{"rendered":"<div data-elementor-type=\"wp-page\" data-elementor-id=\"9\" class=\"elementor elementor-9\" data-elementor-post-type=\"page\">\n\t\t\t\t<div class=\"elementor-element elementor-element-6f3f2c0 e-con-full e-flex e-con e-parent\" data-id=\"6f3f2c0\" data-element_type=\"container\" data-e-type=\"container\">\n\t\t<div class=\"elementor-element elementor-element-99e1d05 e-con-full e-flex e-con e-child\" data-id=\"99e1d05\" data-element_type=\"container\" data-e-type=\"container\" data-settings=\"{&quot;background_background&quot;:&quot;classic&quot;}\">\n\t\t\t\t<div class=\"elementor-element elementor-element-00cac3e elementor-widget__width-auto elementor-widget elementor-widget-image\" data-id=\"00cac3e\" data-element_type=\"widget\" data-e-type=\"widget\" data-widget_type=\"image.default\">\n\t\t\t\t<div class=\"elementor-widget-container\">\n\t\t\t\t\t\t\t\t\t\t\t\t\t\t\t<img fetchpriority=\"high\" decoding=\"async\" width=\"800\" height=\"534\" src=\"https:\/\/smogenbryggarn.se\/wp-content\/uploads\/2021\/07\/Sb-mockup-lillsnipa-burk-1024x683.png\" class=\"attachment-large size-large wp-image-757\" alt=\"\" srcset=\"https:\/\/smogenbryggarn.se\/wp-content\/uploads\/2021\/07\/Sb-mockup-lillsnipa-burk-1024x683.png 1024w, https:\/\/smogenbryggarn.se\/wp-content\/uploads\/2021\/07\/Sb-mockup-lillsnipa-burk-300x200.png 300w, https:\/\/smogenbryggarn.se\/wp-content\/uploads\/2021\/07\/Sb-mockup-lillsnipa-burk-768x512.png 768w, https:\/\/smogenbryggarn.se\/wp-content\/uploads\/2021\/07\/Sb-mockup-lillsnipa-burk-600x400.png 600w, https:\/\/smogenbryggarn.se\/wp-content\/uploads\/2021\/07\/Sb-mockup-lillsnipa-burk.png 1350w\" sizes=\"(max-width: 800px) 100vw, 800px\" \/>\t\t\t\t\t\t\t\t\t\t\t\t\t\t\t<\/div>\n\t\t\t\t<\/div>\n\t\t\t\t<\/div>\n\t\t<div class=\"elementor-element elementor-element-fa540ec e-con-full e-flex e-con e-child\" data-id=\"fa540ec\" data-element_type=\"container\" data-e-type=\"container\" data-settings=\"{&quot;background_background&quot;:&quot;classic&quot;}\">\n\t\t\t\t<div class=\"elementor-element elementor-element-d406725 elementor-widget__width-initial elementor-widget elementor-widget-heading\" data-id=\"d406725\" data-element_type=\"widget\" data-e-type=\"widget\" data-widget_type=\"heading.default\">\n\t\t\t\t<div class=\"elementor-widget-container\">\n\t\t\t\t\t<h1 class=\"elementor-heading-title elementor-size-default\">Varukorg<\/h1>\t\t\t\t<\/div>\n\t\t\t\t<\/div>\n\t\t\t\t<\/div>\n\t\t\t\t<\/div>\n\t\t\t\t<\/div>","protected":false},"excerpt":{"rendered":"<p>Varukorg Din varukorg \u00e4r f\u00f6r n\u00e4rvarande tom. G\u00e5 tillbaka till butiken<\/p>","protected":false},"author":1,"featured_media":0,"parent":0,"menu_order":0,"comment_status":"closed","ping_status":"closed","template":"","meta":{"_acf_changed":false,"footnotes":""},"class_list":["post-9","page","type-page","status-publish","hentry"],"acf":[],"_links":{"self":[{"href":"https:\/\/smogenbryggarn.se\/de\/wp-json\/wp\/v2\/pages\/9","targetHints":{"allow":["GET"]}}],"collection":[{"href":"https:\/\/smogenbryggarn.se\/de\/wp-json\/wp\/v2\/pages"}],"about":[{"href":"https:\/\/smogenbryggarn.se\/de\/wp-json\/wp\/v2\/types\/page"}],"author":[{"embeddable":true,"href":"https:\/\/smogenbryggarn.se\/de\/wp-json\/wp\/v2\/users\/1"}],"replies":[{"embeddable":true,"href":"https:\/\/smogenbryggarn.se\/de\/wp-json\/wp\/v2\/comments?post=9"}],"version-history":[{"count":1,"href":"https:\/\/smogenbryggarn.se\/de\/wp-json\/wp\/v2\/pages\/9\/revisions"}],"predecessor-version":[{"id":2750,"href":"https:\/\/smogenbryggarn.se\/de\/wp-json\/wp\/v2\/pages\/9\/revisions\/2750"}],"wp:attachment":[{"href":"https:\/\/smogenbryggarn.se\/de\/wp-json\/wp\/v2\/media?parent=9"}],"curies":[{"name":"wp","href":"https:\/\/api.w.org\/{rel}","templated":true}]}}