{"id":766,"date":"2022-05-17T07:18:30","date_gmt":"2022-05-17T07:18:30","guid":{"rendered":"https:\/\/smogenbryggarn.se\/?page_id=766"},"modified":"2025-06-09T12:32:58","modified_gmt":"2025-06-09T12:32:58","slug":"portal","status":"publish","type":"page","link":"https:\/\/smogenbryggarn.se\/de\/portal\/","title":{"rendered":"Portal"},"content":{"rendered":"<div data-elementor-type=\"wp-page\" data-elementor-id=\"766\" class=\"elementor elementor-766\" data-elementor-post-type=\"page\">\n\t\t\t\t<div class=\"elementor-element elementor-element-7332ed0 e-con-full e-flex e-con e-parent\" data-id=\"7332ed0\" data-element_type=\"container\" data-e-type=\"container\">\n\t\t<div class=\"elementor-element elementor-element-5dd7d14 e-con-full e-flex e-con e-child\" data-id=\"5dd7d14\" data-element_type=\"container\" data-e-type=\"container\" data-settings=\"{&quot;background_background&quot;:&quot;classic&quot;}\">\n\t\t\t\t<div class=\"elementor-element elementor-element-0c9e004 elementor-widget__width-auto elementor-widget elementor-widget-image\" data-id=\"0c9e004\" data-element_type=\"widget\" data-e-type=\"widget\" data-widget_type=\"image.default\">\n\t\t\t\t<div class=\"elementor-widget-container\">\n\t\t\t\t\t\t\t\t\t\t\t\t\t\t\t<img fetchpriority=\"high\" decoding=\"async\" width=\"800\" height=\"526\" src=\"https:\/\/smogenbryggarn.se\/wp-content\/uploads\/2022\/11\/P4240019-1024x673.jpg\" class=\"attachment-large size-large wp-image-876\" alt=\"\" srcset=\"https:\/\/smogenbryggarn.se\/wp-content\/uploads\/2022\/11\/P4240019-1024x673.jpg 1024w, https:\/\/smogenbryggarn.se\/wp-content\/uploads\/2022\/11\/P4240019-300x197.jpg 300w, https:\/\/smogenbryggarn.se\/wp-content\/uploads\/2022\/11\/P4240019-768x505.jpg 768w, https:\/\/smogenbryggarn.se\/wp-content\/uploads\/2022\/11\/P4240019-1536x1010.jpg 1536w, https:\/\/smogenbryggarn.se\/wp-content\/uploads\/2022\/11\/P4240019-2048x1346.jpg 2048w, https:\/\/smogenbryggarn.se\/wp-content\/uploads\/2022\/11\/P4240019-600x394.jpg 600w\" sizes=\"(max-width: 800px) 100vw, 800px\" \/>\t\t\t\t\t\t\t\t\t\t\t\t\t\t\t<\/div>\n\t\t\t\t<\/div>\n\t\t\t\t<\/div>\n\t\t<div class=\"elementor-element elementor-element-5ad20e1 e-con-full e-flex e-con e-child\" data-id=\"5ad20e1\" data-element_type=\"container\" data-e-type=\"container\" data-settings=\"{&quot;background_background&quot;:&quot;classic&quot;}\">\n\t\t\t\t<div class=\"elementor-element elementor-element-03c4a0a elementor-widget__width-initial elementor-widget-mobile__width-inherit elementor-widget elementor-widget-heading\" data-id=\"03c4a0a\" data-element_type=\"widget\" data-e-type=\"widget\" data-widget_type=\"heading.default\">\n\t\t\t\t<div class=\"elementor-widget-container\">\n\t\t\t\t\t<h1 class=\"elementor-heading-title elementor-size-default\">(Portalen) Logga in<\/h1>\t\t\t\t<\/div>\n\t\t\t\t<\/div>\n\t\t\t\t<div class=\"elementor-element elementor-element-87280af elementor-widget__width-initial elementor-widget-mobile__width-inherit elementor-widget elementor-widget-login\" data-id=\"87280af\" data-element_type=\"widget\" data-e-type=\"widget\" data-widget_type=\"login.default\">\n\t\t\t\t<div class=\"elementor-widget-container\">\n\t\t\t\t\t\t\t<form class=\"elementor-login elementor-form\" method=\"post\" action=\"https:\/\/smogenbryggarn.se\/wp-login.php\" aria-label=\"Login form\">\n\t\t\t<input type=\"hidden\" name=\"redirect_to\" value=\"\/de\/wp-json\/wp\/v2\/pages\/766\">\n\t\t\t<div class=\"elementor-form-fields-wrapper\">\n\t\t\t\t<div class=\"elementor-field-type-text elementor-field-group elementor-column elementor-col-100 elementor-field-required\">\n\t\t\t\t\t<label for=\"user-87280af\" class=\"elementor-field-label\">Anv\u00e4ndarnamn eller e-postadress<\/label>\n\t\t\t\t\t<input size=\"1\" type=\"text\" name=\"log\" id=\"user-87280af\" placeholder=\"\" class=\"elementor-field elementor-field-textual elementor-size-sm\">\n\t\t\t\t<\/div>\n\t\t\t\t<div class=\"elementor-field-type-text elementor-field-group elementor-column elementor-col-100 elementor-field-required\">\n\t\t\t\t\t<label for=\"password-87280af\" class=\"elementor-field-label\">L\u00f6senord<\/label>\n\t\t\t\t\t<input size=\"1\" type=\"password\" name=\"pwd\" id=\"password-87280af\" placeholder=\"\" class=\"elementor-field elementor-field-textual elementor-size-sm\">\n\t\t\t\t<\/div>\n\n\t\t\t\t\t\t\t\t\t<div class=\"elementor-field-type-checkbox elementor-field-group elementor-column elementor-col-100 elementor-remember-me\">\n\t\t\t\t\t\t<label for=\"elementor-login-remember-me\">\n\t\t\t\t\t\t\t<input type=\"checkbox\" id=\"elementor-login-remember-me\" name=\"rememberme\" value=\"forever\">\n\t\t\t\t\t\t\tBenutzername merken\t\t\t\t\t\t<\/label>\n\t\t\t\t\t<\/div>\n\t\t\t\t\n\t\t\t\t<div class=\"elementor-field-group elementor-column elementor-field-type-submit elementor-col-100\">\n\t\t\t\t\t<button type=\"submit\" class=\"elementor-size-sm elementor-button\" name=\"wp-submit\">\n\t\t\t\t\t\t\t\t\t\t\t\t\t\t\t<span class=\"elementor-button-text\">Logga in<\/span>\n\t\t\t\t\t\t\t\t\t\t\t\t<\/button>\n\t\t\t\t<\/div>\n\n\t\t\t\t\t\t\t\t\t<div class=\"elementor-field-group elementor-column elementor-col-100\">\n\t\t\t\t\t\t\t\t\t\t\t\t\t\t\t\t\t\t\t\t<a class=\"elementor-lost-password\" href=\"https:\/\/smogenbryggarn.se\/de\/mitt-konto\/lost-password\/\">\n\t\t\t\t\t\t\t\tPasswort vergessen?\t\t\t\t\t\t\t<\/a>\n\t\t\t\t\t\t\n\t\t\t\t\t\t\t\t\t\t\t<\/div>\n\t\t\t\t\t\t\t<\/div>\n\t\t<\/form>\n\t\t\t\t\t\t<\/div>\n\t\t\t\t<\/div>\n\t\t\t\t<\/div>\n\t\t\t\t<\/div>\n\t\t\t\t<\/div>","protected":false},"excerpt":{"rendered":"<p>(Portalen) Logga in Information och material 2021 2022 2023 2024 2025 Emission Bilder &amp; Grafik \u00c5rsredovisning 2021 \u2013\u00a0Ladda ner F\u00f6rslag till styrelse \u2013\u00a0Klicka h\u00e4r \u00c5rsredovisning 2022 &#8211; Ladda ner Dagordning \u00c5rsst\u00e4mma 2022 &#8211; Ladda ner Kallelse \u00c5rsst\u00e4mma 2022 &#8211; Ladda ner \u00c5rsst\u00e4mma 2023 \u2013\u00a0Ladda ner Dagordning \u00c5rsst\u00e4mma 2023 \u2013\u00a0Ladda ner Styrelsen f\u00f6rslag \u2013 Ladda ner [&hellip;]<\/p>\n","protected":false},"author":1,"featured_media":0,"parent":0,"menu_order":0,"comment_status":"closed","ping_status":"closed","template":"elementor_header_footer","meta":{"_acf_changed":false,"footnotes":""},"class_list":["post-766","page","type-page","status-publish","hentry"],"acf":[],"_links":{"self":[{"href":"https:\/\/smogenbryggarn.se\/de\/wp-json\/wp\/v2\/pages\/766","targetHints":{"allow":["GET"]}}],"collection":[{"href":"https:\/\/smogenbryggarn.se\/de\/wp-json\/wp\/v2\/pages"}],"about":[{"href":"https:\/\/smogenbryggarn.se\/de\/wp-json\/wp\/v2\/types\/page"}],"author":[{"embeddable":true,"href":"https:\/\/smogenbryggarn.se\/de\/wp-json\/wp\/v2\/users\/1"}],"replies":[{"embeddable":true,"href":"https:\/\/smogenbryggarn.se\/de\/wp-json\/wp\/v2\/comments?post=766"}],"version-history":[{"count":6,"href":"https:\/\/smogenbryggarn.se\/de\/wp-json\/wp\/v2\/pages\/766\/revisions"}],"predecessor-version":[{"id":2720,"href":"https:\/\/smogenbryggarn.se\/de\/wp-json\/wp\/v2\/pages\/766\/revisions\/2720"}],"wp:attachment":[{"href":"https:\/\/smogenbryggarn.se\/de\/wp-json\/wp\/v2\/media?parent=766"}],"curies":[{"name":"wp","href":"https:\/\/api.w.org\/{rel}","templated":true}]}}