{"id":765,"date":"2022-11-25T10:30:22","date_gmt":"2022-11-25T10:30:22","guid":{"rendered":"https:\/\/smogenbryggarn.se\/?page_id=765"},"modified":"2022-11-25T10:30:24","modified_gmt":"2022-11-25T10:30:24","slug":"aterbetalning_returer","status":"publish","type":"page","link":"https:\/\/smogenbryggarn.se\/de\/aterbetalning_returer\/","title":{"rendered":"\u00c5terbetalnings- och returpolicy"},"content":{"rendered":"<p>PRISER OCH BETALNING<\/p>\n\n\n\n<p>Varje vara anges med pris inklusive moms. I kundvagnen kan man se det totala priset inklusive alla avgifter, moms, frakt och betalning. Betalningsvillkor finns angiven i kundvagnen beroende av valt betalningss\u00e4tt.<\/p>\n\n\n\n<p>Fraktvillkor finns angiven i kundvagnen beroende av valt frakts\u00e4tt.<\/p>\n\n\n\n<p>Betalning sker via Swish eller p\u00e5 bryggeriet vid upph\u00e4mtning.<\/p>\n\n\n\n<p>F\u00f6r order fr\u00e5n utlandet, v\u00e4nligen kontakta oss p\u00e5 mejl s\u00e5 l\u00f6ser vi betalningsm\u00f6jligheter och frakt.<\/p>\n\n\n\n<p>18 \u00e5r och upp\u00e5t<\/p>\n\n\n\n<p>F\u00f6r att handla fr\u00e5n oss m\u00e5ste du ha fyllt 18 \u00e5r. Detta g\u00e4ller samtliga produkter i v\u00e5rt sortiment och givetvis folk\u00f6l. Om vi har misstankar om att den som handlar \u00e4r under 18 \u00e5r eller k\u00f6per \u00e5t n\u00e5gon som \u00e4r under 18 \u00e5r s\u00e5 kommer vi h\u00e4va k\u00f6pet.<\/p>\n\n\n\n<p>\u00c5NGERR\u00c4TT<\/p>\n\n\n\n<p>Din \u00e5ngerr\u00e4tt (\u00e5ngerfristen) g\u00e4ller under 14 dagar. I ditt meddelande till oss m\u00e5ste det klart framg\u00e5 att du \u00e5ngrar dig. \u00c5ngerfristen b\u00f6rjar l\u00f6pa den dag du tog emot varan eller en v\u00e4sentlig del av den.<\/p>\n\n\n\n<p>Du har inte \u00e5ngerr\u00e4tt om:<\/p>\n\n\n\n<p>Produkten b\u00f6rjat anv\u00e4ndas, varan p\u00e5 grund av sin beskaffenhet inte kan \u00e5terl\u00e4mnas eller eventuell f\u00f6rseglingen brutits.<\/p>\n\n\n\n<p>N\u00e4r du utnyttjat din \u00e5ngerr\u00e4tt:<\/p>\n\n\n\n<p>Du \u00e4r skyldig att h\u00e5lla varan i lika gott skick som n\u00e4r du fick den. Du f\u00e5r inte anv\u00e4nda den, men naturligtvis f\u00f6rsiktigt unders\u00f6ka den. Om varan skadas eller kommer bort p\u00e5 grund av att du \u00e4r v\u00e5rdsl\u00f6s f\u00f6rlorar du \u00e5ngerr\u00e4tten.<\/p>\n\n\n\n<p>PRIVAT POLICY<\/p>\n\n\n\n<p>&#8220;N\u00e4r du l\u00e4gger din best\u00e4llning hos oss uppger du dina person\/. I samband med din registrering och best\u00e4llning godk\u00e4nner du att vi lagrar och anv\u00e4nder dina uppgifter i v\u00e5r verksamhet f\u00f6r att fullf\u00f6lja avtalet gentemot dig. Du har enligt Personuppgiftslagen r\u00e4tt att f\u00e5 den information som vi har registrerat om dig. Om den \u00e4r felaktig, ofullst\u00e4ndig eller irrelevant kan du beg\u00e4ra att informationen<\/p>\n\n\n\n<p>ska r\u00e4ttas eller tas bort. Kontakta oss i s\u00e5 fall via e-post p\u00e5: info@smogenbryggarn.se&#8221;<\/p>\n\n\n\n<p>COOKIES<\/p>\n\n\n\n<p>Denna webbutik anv\u00e4nder sig av cookies enligt Electronic Communications Act, 25 juli 2003. En cookie \u00e4r en liten textfil som lagras p\u00e5 din dator och som inneh\u00e5ller information f\u00f6r att hj\u00e4lpa webbutiken att identifiera och f\u00f6lja anv\u00e4ndare. Cookies finns som sessionscookies och som cookies som lagras permanent p\u00e5 din dator. Under tiden f\u00f6r ditt f\u00f6rsta bes\u00f6k i webbutiken blir din webbl\u00e4sare tilldelad en sessionscookie som \u00e4r unik och som anv\u00e4nds f\u00f6r att inte blanda ihop dig som anv\u00e4ndare med andra anv\u00e4ndare. F\u00f6r att kunna anv\u00e4nda webbutiken b\u00f6r du till\u00e5ta cookies i din webbl\u00e4sare. Denna typ av cookie anv\u00e4nds enbart f\u00f6r att ge dig som bes\u00f6kare en b\u00e4ttre upplevelse och support och lagrar inga personliga uppgifter om dig. Cookies kan raderas. I denna webbutik anv\u00e4nds cookies exempelvis f\u00f6r att h\u00e5lla koll p\u00e5 din kundvagn, dina inst\u00e4llningar och vilka sidor du bes\u00f6kt f\u00f6r att kunna ge dig en b\u00e4ttre kundupplevelse och support.<\/p>\n\n\n\n<p>LEVERANSER<\/p>\n\n\n\n<p>Leveranstiden \u00e4r f\u00f6r n\u00e4rvarande 3-5 dagar fr\u00e5n order f\u00f6r lagerf\u00f6rd vara. Vid f\u00f6rseningar kontaktar vi dig som kund inom 24h. Ej h\u00e4mtade varor returneras till oss. F\u00f6r alla paket som inte l\u00f6ses ut f\u00f6rbeh\u00e5ller vi oss r\u00e4tten att debitera dig kostnader f\u00f6r returfrakt, expeditionsavgift och hanteringsavgift, f\u00f6r n\u00e4rvarande 199: &#8211;<\/p>\n\n\n\n<p>RETURER<\/p>\n\n\n\n<p>Returer sker p\u00e5 din egen bekostnad utom om varan \u00e4r defekt eller om vi har packat fel. Returer ska skickas som brev eller paket, inte mot postf\u00f6rskott. Vid byten betalar vi den nya frakten fr\u00e5n oss till dig.<\/p>\n\n\n\n<p>N\u00e4r du utnyttjat din \u00e5ngerr\u00e4tt ska du s\u00e4nda eller l\u00e4mna tillbaka den till oss.<\/p>\n\n\n\n<p>\u00c5terbetalningsskyldighet:<\/p>\n\n\n\n<p>Vi ska, om du utnyttjat din \u00e5ngerr\u00e4tt, betala tillbaka vad du har betalat f\u00f6r varan snarast eller senast inom 30 dagar fr\u00e5n den dag d\u00e5 vi tog emot varan. Du f\u00e5r sj\u00e4lv betala returkostnaderna n\u00e4r du s\u00e4nder tillbaka varan. Vi betalar alltid returkostnaden f\u00f6r att s\u00e4nda tillbaka s\u00e5 kallade ers\u00e4ttningsvaror.<\/p>\n\n\n\n<p>Se \u00e4ven konsumentverket och distansavtalslagen, samt EU:s gemensamma tvistl\u00f6sningssida http:\/\/ec.europa.eu\/odr.<\/p>","protected":false},"excerpt":{"rendered":"<p>PRISER OCH BETALNING Varje vara anges med pris inklusive moms. I kundvagnen kan man se det totala priset inklusive alla avgifter, moms, frakt och betalning. Betalningsvillkor finns angiven i kundvagnen beroende av valt betalningss\u00e4tt. Fraktvillkor finns angiven i kundvagnen beroende av valt frakts\u00e4tt. Betalning sker via Swish eller p\u00e5 bryggeriet vid upph\u00e4mtning. F\u00f6r order fr\u00e5n [&hellip;]<\/p>\n","protected":false},"author":1,"featured_media":0,"parent":0,"menu_order":0,"comment_status":"closed","ping_status":"closed","template":"","meta":{"_acf_changed":false,"footnotes":""},"class_list":["post-765","page","type-page","status-publish","hentry"],"acf":[],"_links":{"self":[{"href":"https:\/\/smogenbryggarn.se\/de\/wp-json\/wp\/v2\/pages\/765","targetHints":{"allow":["GET"]}}],"collection":[{"href":"https:\/\/smogenbryggarn.se\/de\/wp-json\/wp\/v2\/pages"}],"about":[{"href":"https:\/\/smogenbryggarn.se\/de\/wp-json\/wp\/v2\/types\/page"}],"author":[{"embeddable":true,"href":"https:\/\/smogenbryggarn.se\/de\/wp-json\/wp\/v2\/users\/1"}],"replies":[{"embeddable":true,"href":"https:\/\/smogenbryggarn.se\/de\/wp-json\/wp\/v2\/comments?post=765"}],"version-history":[{"count":0,"href":"https:\/\/smogenbryggarn.se\/de\/wp-json\/wp\/v2\/pages\/765\/revisions"}],"wp:attachment":[{"href":"https:\/\/smogenbryggarn.se\/de\/wp-json\/wp\/v2\/media?parent=765"}],"curies":[{"name":"wp","href":"https:\/\/api.w.org\/{rel}","templated":true}]}}